{"id":3,"date":"2025-03-25T14:41:36","date_gmt":"2025-03-25T13:41:36","guid":{"rendered":"http:\/\/thibaultdelmas.versalis.fr\/?page_id=3"},"modified":"2025-05-16T17:11:39","modified_gmt":"2025-05-16T15:11:39","slug":"mentions-legalespolitique-de-confidentialite","status":"publish","type":"page","link":"https:\/\/www.thibaultdelmas-osteopathe.fr\/index.php\/mentions-legalespolitique-de-confidentialite\/","title":{"rendered":"Mentions l\u00e9gales et politique de confidentialit\u00e9"},"content":{"rendered":"\t\t<div data-elementor-type=\"wp-page\" data-elementor-id=\"3\" class=\"elementor elementor-3\" data-elementor-post-type=\"page\">\n\t\t\t\t<div class=\"elementor-element elementor-element-3df49a0 e-flex e-con-boxed e-con e-parent\" data-id=\"3df49a0\" data-element_type=\"container\" data-e-type=\"container\">\n\t\t\t\t\t<div class=\"e-con-inner\">\n\t\t\t\t<div class=\"elementor-element elementor-element-3aa4f25c elementor-widget elementor-widget-image\" data-id=\"3aa4f25c\" data-element_type=\"widget\" data-e-type=\"widget\" data-widget_type=\"image.default\">\n\t\t\t\t<div class=\"elementor-widget-container\">\n\t\t\t\t\t\t\t\t\t\t\t\t\t\t\t<img fetchpriority=\"high\" decoding=\"async\" width=\"1803\" height=\"601\" src=\"https:\/\/www.thibaultdelmas-osteopathe.fr\/wp-content\/uploads\/2025\/05\/Banniere-Newsletter_Thibault.jpg\" class=\"attachment-full size-full wp-image-1075\" alt=\"\" srcset=\"https:\/\/www.thibaultdelmas-osteopathe.fr\/wp-content\/uploads\/2025\/05\/Banniere-Newsletter_Thibault.jpg 1803w, https:\/\/www.thibaultdelmas-osteopathe.fr\/wp-content\/uploads\/2025\/05\/Banniere-Newsletter_Thibault-300x100.jpg 300w, https:\/\/www.thibaultdelmas-osteopathe.fr\/wp-content\/uploads\/2025\/05\/Banniere-Newsletter_Thibault-1024x341.jpg 1024w, https:\/\/www.thibaultdelmas-osteopathe.fr\/wp-content\/uploads\/2025\/05\/Banniere-Newsletter_Thibault-768x256.jpg 768w, https:\/\/www.thibaultdelmas-osteopathe.fr\/wp-content\/uploads\/2025\/05\/Banniere-Newsletter_Thibault-1536x512.jpg 1536w\" sizes=\"(max-width: 1803px) 100vw, 1803px\" \/>\t\t\t\t\t\t\t\t\t\t\t\t\t\t\t<\/div>\n\t\t\t\t<\/div>\n\t\t\t\t<div class=\"elementor-element elementor-element-4e5df680 elementor-widget elementor-widget-spacer\" data-id=\"4e5df680\" data-element_type=\"widget\" data-e-type=\"widget\" data-widget_type=\"spacer.default\">\n\t\t\t\t<div class=\"elementor-widget-container\">\n\t\t\t\t\t\t\t<div class=\"elementor-spacer\">\n\t\t\t<div class=\"elementor-spacer-inner\"><\/div>\n\t\t<\/div>\n\t\t\t\t\t\t<\/div>\n\t\t\t\t<\/div>\n\t\t\t\t<div class=\"elementor-element elementor-element-28bc3908 elementor-widget elementor-widget-text-editor\" data-id=\"28bc3908\" data-element_type=\"widget\" data-e-type=\"widget\" data-widget_type=\"text-editor.default\">\n\t\t\t\t<div class=\"elementor-widget-container\">\n\t\t\t\t\t\t\t\t\t\n<h2 class=\"wp-block-heading\">MENTIONS L\u00c9GALES<\/h2>\n<p>En vigueur au 16\/05\/25<\/p>\n<p>Conform\u00e9ment aux dispositions des Articles 6-III et 19 de la Loi n\u00b02004-575 du 21 juin 2004 pour la Confiance dans l\u2019\u00e9conomie num\u00e9rique, dite L.C.E.N., il est port\u00e9 \u00e0 la connaissance des utilisateurs et visiteurs, ci-apr\u00e8s l\u2019Utilisateur, du site thibaultdelmas-osteopathe.fr , ci-apr\u00e8s le Site, les pr\u00e9sentes mentions l\u00e9gales.<\/p>\n<p>La connexion et la navigation sur le Site par l\u2019Utilisateur implique acceptation int\u00e9grale et sans r\u00e9serve des pr\u00e9sentes mentions l\u00e9gales.<\/p>\n<p>Ces derni\u00e8res sont accessibles sur le Site \u00e0 la rubrique \u00ab Mentions l\u00e9gales \u00bb.<\/p>\n<p>\u00a0<\/p>\n<h2>\u00c9DITEUR<\/h2>\n<p>Thibault Delmas<\/p>\n<p>T\u00e9l. : 06 20 03 81 39<br \/>N\u00b0 SIRET : 83169004500024<\/p>\n<p>Adresse :<br \/>57 rue du Mar\u00e9chal Foch\u2028<br \/>78000 Versailles<\/p>\n<p>\u00a0<\/p>\n<h2>CR\u00c9ATION GRAPHIQUE ET D\u00c9VELOPPEMENT<\/h2>\n<p>Versalis<br \/>14, rue Richaud<br \/>78000 Versailles<br \/>France<\/p>\n<p>commercial@versalis.fr<br \/>www.versalis.fr<\/p>\n<h2>\u00a0<\/h2>\n<h2>L\u2019HEBERGEUR<\/h2>\n<p>Ce site est h\u00e9berg\u00e9 par OVH<br \/>2 rue Kellermann 59100<br \/>Roubaix \u2013 France<br \/>SAS au capital de 10 069 020 \u20ac<br \/>RCS Lille M\u00e9tropole 424 761 419 00045<br \/>Code APE 2620Z<br \/>N\u00b0 TVA : FR 22 424 761 419<\/p>\n<p>Avec le num\u00e9ro de t\u00e9l\u00e9phone : 1007<\/p>\n<h2>\u00a0<\/h2>\n<h2>ACCES AU SITE<\/h2>\n<p>Le Site est accessible en tout endroit, 7j\/7, 24h\/24 sauf cas de force majeure, interruption programm\u00e9e ou non et pouvant d\u00e9coulant d\u2019une n\u00e9cessit\u00e9 de maintenance.<\/p>\n<p>En cas de modification, interruption ou suspension du Site, l\u2019Editeur ne saurait \u00eatre tenu responsable.<\/p>\n<p>\u00a0<\/p>\n<p>Toute utilisation, reproduction, diffusion, commercialisation, modification de toute ou partie du Site, sans autorisation de l\u2019Editeur est prohib\u00e9e et pourra entra\u00een\u00e9e des actions et poursuites judiciaires telles que notamment pr\u00e9vues par le Code de la propri\u00e9t\u00e9 intellectuelle et le Code civil.<\/p>\n<p>\u00a0<\/p>\n<p>\u00a0<\/p>\n<h2>RESPONSABILIT\u00c9<\/h2>\n<p>Thibault Delmas s\u2019efforce d\u2019offrir aux utilisateurs l\u2019information la plus fiable et qualitative qui soit.<\/p>\n<p>En tout \u00e9tat de cause, la responsabilit\u00e9 de Thibault Delmas ne saurait \u00eatre retenue en cas de pr\u00e9judice direct ou indirect r\u00e9sultant de l\u2019usage du site https:\/\/www.thibaultdelmas-osteopathe.fr\/ et de l\u2019utilisation des donn\u00e9es et informations qui y sont mises en ligne.<\/p>\n<p>En outre, Thibault Delmas d\u00e9cline toute responsabilit\u00e9 \u00e0 l\u2019\u00e9gard de tout dommage li\u00e9 \u00e0 l\u2019utilisation des liens hypertextes mis en ligne sur le site https:\/\/www.thibaultdelmas-osteopathe.fr\/ et \u00e0 la consultation des sites auxquels ils renvoient. Il est express\u00e9ment rappel\u00e9 que Thibault Delmas n\u2019a aucun contr\u00f4le ni aucune responsabilit\u00e9 sur le contenu de ces sites.<\/p>\n<p>\u00a0<\/p>\n<p>\u00a0<\/p>\n<h2>DROIT D\u2019AUTEUR \u2013 COPYRIGHT<\/h2>\n<p>L\u2019ensemble de ce site rel\u00e8ve de la l\u00e9gislation fran\u00e7aise et internationale sur le droit d\u2019auteur et la propri\u00e9t\u00e9 intellectuelle. Tous les droits de reproduction sont r\u00e9serv\u00e9s, y compris pour les documents t\u00e9l\u00e9chargeables et les repr\u00e9sentations iconographiques et photographiques.<\/p>\n<p>La reproduction de tout ou partie de ce site est formellement interdite sauf autorisation expresse du directeur de la publication.<\/p>\n<p>La reproduction de citations d\u2019extraits des textes de ce site est autoris\u00e9e sous r\u00e9serve qu\u2019ils ne subissent ni modification ni alt\u00e9ration d\u2019aucune sorte, et que la source \u00ab Thibault Delmas Ost\u00e9opathe \u2013 https:\/\/www.thibaultdelmas-osteopathe.fr\/ \u00bb figure de mani\u00e8re claire et lisible.<\/p>\n<p>Pour d\u2019autres utilisations, veuillez contacter le responsable du site.<\/p>\n<p>\u00a0<\/p>\n<p>\u00a0<\/p>\n\n<h2 class=\"wp-block-heading\">CONTENU EMBARQU\u00c9 DEPUIS D\u2019AUTRES SITES<\/h2>\n\n<p>Les articles de ce site peuvent inclure des contenus int\u00e9gr\u00e9s (par exemple des vid\u00e9os, images, articles\u2026). Le contenu int\u00e9gr\u00e9 depuis d\u2019autres sites se comporte de la m\u00eame mani\u00e8re que si le visiteur se rendait sur cet autre site.<\/p>\n\n<p>Ces sites web pourraient collecter des donn\u00e9es sur vous, utiliser des cookies, embarquer des outils de suivis tiers, suivre vos interactions avec ces contenus embarqu\u00e9s si vous disposez d\u2019un compte connect\u00e9 sur leur site web.<\/p>\n<p>\u00a0<\/p>\n<h3 class=\"\" data-start=\"928\" data-end=\"953\">DONN\u00c9ES COLLECT\u00c9ES<\/h3>\n<p class=\"\" data-start=\"955\" data-end=\"1101\">Le Site ne collecte de donn\u00e9es personnelles que dans le cadre du formulaire d\u2019inscription \u00e0 la newsletter.<br data-start=\"1061\" data-end=\"1064\" \/><strong data-start=\"1064\" data-end=\"1086\">Donn\u00e9e collect\u00e9e :<\/strong> adresse e-mail<\/p>\n<p class=\"\" data-start=\"1103\" data-end=\"1174\">Aucune autre donn\u00e9e personnelle n\u2019est collect\u00e9e de mani\u00e8re automatique.<\/p>\n<h3 data-start=\"1181\" data-end=\"1210\">\u00a0<\/h3>\n<h3 class=\"\" data-start=\"1181\" data-end=\"1210\">FINALIT\u00c9 DU TRAITEMENT<\/h3>\n<p class=\"\" data-start=\"1212\" data-end=\"1362\">L\u2019adresse e-mail collect\u00e9e est utilis\u00e9e uniquement dans le cadre de l\u2019envoi d\u2019une newsletter.<br data-start=\"1305\" data-end=\"1308\" \/>Elle ne sera en aucun cas c\u00e9d\u00e9e ou vendue \u00e0 des tiers.<\/p>\n<p data-start=\"1212\" data-end=\"1362\">\u00a0<\/p>\n<h3 class=\"\" data-start=\"1369\" data-end=\"1401\">BASE L\u00c9GALE DU TRAITEMENT<\/h3>\n<p class=\"\" data-start=\"1403\" data-end=\"1553\">Le traitement repose sur le <strong data-start=\"1431\" data-end=\"1457\">consentement explicite<\/strong> de l\u2019utilisateur, qui saisit volontairement son adresse e-mail dans le champ pr\u00e9vu \u00e0 cet effet.<\/p>\n<p data-start=\"1403\" data-end=\"1553\">\u00a0<\/p>\n<h3 class=\"\" data-start=\"1560\" data-end=\"1588\">DUR\u00c9E DE CONSERVATION<\/h3>\n<p class=\"\" data-start=\"1590\" data-end=\"1809\">L\u2019adresse e-mail est conserv\u00e9e tant que l\u2019utilisateur ne se d\u00e9sinscrit pas de la newsletter.<br data-start=\"1682\" data-end=\"1685\" \/>Chaque email envoy\u00e9 contient un lien de d\u00e9sinscription permettant \u00e0 l\u2019utilisateur de retirer son consentement \u00e0 tout moment.<\/p>\n<h3 data-start=\"1816\" data-end=\"1846\">\u00a0<\/h3>\n<h3 class=\"\" data-start=\"1816\" data-end=\"1846\">DROITS DES UTILISATEURS<\/h3>\n<p class=\"\" data-start=\"1848\" data-end=\"1966\">Conform\u00e9ment \u00e0 la r\u00e9glementation en vigueur, vous disposez des droits suivants concernant vos donn\u00e9es personnelles :<\/p>\n<ul data-start=\"1967\" data-end=\"2167\">\n<li class=\"\" data-start=\"1967\" data-end=\"2018\">\n<p class=\"\" data-start=\"1969\" data-end=\"2018\">Droit d\u2019acc\u00e8s, de rectification ou d\u2019effacement<\/p>\n<\/li>\n<li class=\"\" data-start=\"2019\" data-end=\"2076\">\n<p class=\"\" data-start=\"2021\" data-end=\"2076\">Droit \u00e0 la limitation ou \u00e0 l\u2019opposition du traitement<\/p>\n<\/li>\n<li class=\"\" data-start=\"2077\" data-end=\"2115\">\n<p class=\"\" data-start=\"2079\" data-end=\"2115\">Droit \u00e0 la portabilit\u00e9 des donn\u00e9es<\/p>\n<\/li>\n<li class=\"\" data-start=\"2116\" data-end=\"2167\">\n<p class=\"\" data-start=\"2118\" data-end=\"2167\">Droit de retirer votre consentement \u00e0 tout moment<\/p>\n<\/li>\n<\/ul>\n<p class=\"\" data-start=\"2169\" data-end=\"2292\">Vous pouvez exercer ces droits en envoyant un e-mail \u00e0 : <b>commercial@versalis.fr<\/b><\/p>\n<p class=\"\" data-start=\"2294\" data-end=\"2375\">En cas de doute sur l\u2019identit\u00e9 du demandeur, un justificatif pourra \u00eatre demand\u00e9.<\/p>\n<h3 data-start=\"2382\" data-end=\"2409\">\u00a0<\/h3>\n<h3 class=\"\" data-start=\"2382\" data-end=\"2409\">S\u00c9CURIT\u00c9 DES DONN\u00c9ES<\/h3>\n<p class=\"\" data-start=\"2411\" data-end=\"2613\">Le responsable du traitement s\u2019engage \u00e0 mettre en \u0153uvre toutes les mesures techniques et organisationnelles n\u00e9cessaires afin de garantir un niveau de s\u00e9curit\u00e9 appropri\u00e9 \u00e0 la nature des donn\u00e9es trait\u00e9es.<\/p>\n<h3 data-start=\"2620\" data-end=\"2634\">\u00a0<\/h3>\n<h3 class=\"\" data-start=\"2620\" data-end=\"2634\">COOKIES<\/h3>\n<p class=\"\" data-start=\"2636\" data-end=\"2797\">Le Site ne d\u00e9pose pas de cookies \u00e0 des fins de suivi ou d\u2019analyse. Seuls des cookies strictement n\u00e9cessaires au bon fonctionnement du site peuvent \u00eatre utilis\u00e9s.<\/p>\n\t\t\t\t\t\t\t\t<\/div>\n\t\t\t\t<\/div>\n\t\t\t\t<div class=\"elementor-element elementor-element-19d1b0af elementor-widget elementor-widget-spacer\" data-id=\"19d1b0af\" data-element_type=\"widget\" data-e-type=\"widget\" data-widget_type=\"spacer.default\">\n\t\t\t\t<div class=\"elementor-widget-container\">\n\t\t\t\t\t\t\t<div class=\"elementor-spacer\">\n\t\t\t<div class=\"elementor-spacer-inner\"><\/div>\n\t\t<\/div>\n\t\t\t\t\t\t<\/div>\n\t\t\t\t<\/div>\n\t\t\t\t\t<\/div>\n\t\t\t\t<\/div>\n\t\t\t\t<\/div>\n\t\t","protected":false},"excerpt":{"rendered":"<p>MENTIONS L\u00c9GALES En vigueur au 16\/05\/25 Conform\u00e9ment aux dispositions des Articles 6-III et 19 de la Loi n\u00b02004-575 du 21 juin 2004 pour la Confiance dans l\u2019\u00e9conomie num\u00e9rique, dite L.C.E.N., il est port\u00e9 \u00e0 la connaissance des utilisateurs et visiteurs, ci-apr\u00e8s l\u2019Utilisateur, du site thibaultdelmas-osteopathe.fr , ci-apr\u00e8s le Site, les pr\u00e9sentes mentions l\u00e9gales. La connexion [&hellip;]<\/p>\n","protected":false},"author":1,"featured_media":0,"parent":0,"menu_order":0,"comment_status":"closed","ping_status":"closed","template":"","meta":{"footnotes":""},"class_list":["post-3","page","type-page","status-publish","hentry"],"_links":{"self":[{"href":"https:\/\/www.thibaultdelmas-osteopathe.fr\/index.php\/wp-json\/wp\/v2\/pages\/3","targetHints":{"allow":["GET"]}}],"collection":[{"href":"https:\/\/www.thibaultdelmas-osteopathe.fr\/index.php\/wp-json\/wp\/v2\/pages"}],"about":[{"href":"https:\/\/www.thibaultdelmas-osteopathe.fr\/index.php\/wp-json\/wp\/v2\/types\/page"}],"author":[{"embeddable":true,"href":"https:\/\/www.thibaultdelmas-osteopathe.fr\/index.php\/wp-json\/wp\/v2\/users\/1"}],"replies":[{"embeddable":true,"href":"https:\/\/www.thibaultdelmas-osteopathe.fr\/index.php\/wp-json\/wp\/v2\/comments?post=3"}],"version-history":[{"count":26,"href":"https:\/\/www.thibaultdelmas-osteopathe.fr\/index.php\/wp-json\/wp\/v2\/pages\/3\/revisions"}],"predecessor-version":[{"id":1602,"href":"https:\/\/www.thibaultdelmas-osteopathe.fr\/index.php\/wp-json\/wp\/v2\/pages\/3\/revisions\/1602"}],"wp:attachment":[{"href":"https:\/\/www.thibaultdelmas-osteopathe.fr\/index.php\/wp-json\/wp\/v2\/media?parent=3"}],"curies":[{"name":"wp","href":"https:\/\/api.w.org\/{rel}","templated":true}]}}